{"id":30,"date":"2017-01-07T05:00:43","date_gmt":"2017-01-07T05:00:43","guid":{"rendered":"http:\/\/apusthemes.com\/wp-demo\/campress\/?page_id=30"},"modified":"2025-08-28T18:55:50","modified_gmt":"2025-08-28T21:55:50","slug":"home1","status":"publish","type":"page","link":"https:\/\/formamulti.com.br\/","title":{"rendered":"In\u00edcio"},"content":{"rendered":"<p>[vc_row full_width=&#8221;stretch_row_content&#8221;][vc_column][rev_slider_vc alias=&#8221;home-1&#8243;][\/vc_column][\/vc_row][vc_row el_class=&#8221;mtop-74&#8243; el_id=&#8221;sobre&#8221;][vc_column][ninzio_features_box items=&#8221;%5B%7B%22icon_font%22%3A%22fa%20fa-trophy%22%2C%22title%22%3A%22Nossa%20Miss%C3%A3o%22%2C%22description%22%3A%22%3Cp%20style%3D%5C%22text-align%3A%20justify%3B%5C%22%3E%3Cspan%20style%3D%5C%22color%3A%20%23fffff%3B%5C%22%3EFORMAMULTI%20Forma%C3%A7%C3%A3o%20Profissional%20nasceu%20com%20objetivo%20de%20deixar%20mais%20pr%C3%B3ximo%20o%20sonho%20de%20cada%20aluno%20que%20busca%20sua%20profiss%C3%A3o%2C%20capacitando%2C%20qualificando%20e%20encaminhando.%20Formando%20cidad%C3%A3os%20e%20profissionais%20que%20contribuam%20efetivamente%20para%20desenvolvimento%20local%20e%20do%20pa%C3%ADs%E2%80%9D.%3C%2Fspan%3E%22%2C%22featured%22%3A%220%22%7D%2C%7B%22icon_font%22%3A%22fa%20fa-graduation-cap%22%2C%22title%22%3A%22Nossa%20Vis%C3%A3o%22%2C%22description%22%3A%22%3Cp%20style%3D%5C%22text-align%3A%20justify%3B%5C%22%3E%3Cspan%20style%3D%5C%22color%3A%20%23fffff%3B%5C%22%3EEstabelecer-se%20como%20a%20melhor%20institui%C3%A7%C3%A3o%20de%20Forma%C3%A7%C3%A3o%20Profissional%20do%20Brasil%2C%20ajudando%20a%20empregar%20o%20maior%20n%C3%BAmero%20de%20pessoas%20nas%20cidades%20que%20atuamos!%20Assim%20fazendo%20a%20diferen%C3%A7a%20na%20vida%20do%20aluno%20e%20no%20nosso%20pa%C3%ADs.%3C%2Fspan%3E%3C%2Fp%3E%22%2C%22featured%22%3A%221%22%7D%2C%7B%22icon_font%22%3A%22fa%20fa-users%22%2C%22title%22%3A%22Nossos%20Valores%22%2C%22description%22%3A%22%C3%89tica%20e%20Solidariedade%3B%3Cbr%3E%5CnInova%C3%A7%C3%A3o%20e%20Responsabilidade%3B%3Cbr%3E%5CnRespeito%20%C3%A0%20identidade%20e%20%C3%A0%20diversidade%3B%3Cbr%3E%5CnCompromisso%20social%3B%3Cbr%3E%5CnQualidade%20e%20seriedade%20no%20ensino%3B%3Cbr%3E%5CnComprometimento%20com%20o%20desenvolvimento%3B%3Cbr%3E%22%2C%22featured%22%3A%220%22%7D%5D&#8221; number=&#8221;3&#8243; style=&#8221;style2&#8243; el_class=&#8221;features-box-small&#8221;][vc_empty_space height=&#8221;80&#8243; el_class=&#8221;hidden-xs hidden-sm&#8221; el_id=&#8221;cursos&#8221;][\/vc_column][\/vc_row][vc_row el_class=&#8221;mtop-74&#8243;][vc_column css=&#8221;.vc_custom_1570403683374{padding-top: 30px !important;}&#8221;][ninzio_title_heading descript=&#8221;Imagine estudar por 4 anos e se formar sem estar preparado para o mercado. Isso acontece bastante, pois os modelos de algumas universidades est\u00e1 defasado, focando muito na teoria que n\u00e3o se aplica no dia a dia da carreira e pouco na pr\u00e1tica.&#8221; style=&#8221;default&#8221; title=&#8221;NOSSOS CURSOS&#8221; el_class=&#8221;vc-book&#8221;][vc_raw_html]JTNDc2NyaXB0JTIwdHlwZSUzRCUyMnRleHQlMkZqYXZhc2NyaXB0JTIyJTNFJTI4ZnVuY3Rpb24lMjhuJTJDciUyQ2wlMkNkJTI5JTdCdHJ5JTdCdmFyJTIwaCUzRHIuaGVhZCU3QyU3Q3IuZ2V0RWxlbWVudHNCeVRhZ05hbWUlMjglMjJoZWFkJTIyJTI5JTVCMCU1RCUyQ3MlM0RyLmNyZWF0ZUVsZW1lbnQlMjglMjJzY3JpcHQlMjIlMjklM0JzLnNldEF0dHJpYnV0ZSUyOCUyMnR5cGUlMjIlMkMlMjJ0ZXh0JTJGamF2YXNjcmlwdCUyMiUyOSUzQnMuc2V0QXR0cmlidXRlJTI4JTIyc3JjJTIyJTJDbCUyOSUzQm4ubmV1cm9sZWFkSWQlM0RkJTNCaC5hcHBlbmRDaGlsZCUyOHMlMjklM0IlN0RjYXRjaCUyOGUlMjklN0IlN0QlN0QlMjklMjh3aW5kb3clMkNkb2N1bWVudCUyQyUyMmh0dHBzJTNBJTJGJTJGY2RuLmxlYWRzdGVyLmNvbS5iciUyRm5ldXJvbGVhZCUyRm5ldXJvbGVhZC5taW4uanMlMjIlMkMlMjAyNTQ2NiUyOSUzQiUzQyUyRnNjcmlwdCUzRQ==[\/vc_raw_html][\/vc_column][\/vc_row][vc_row][vc_column width=&#8221;1\/3&#8243;][vc_empty_space height=&#8221;30&#8243; el_class=&#8221;hidden-xs hidden-sm&#8221;][vc_tta_accordion][vc_tta_section title=&#8221;MEC\u00c2NICA&#8221; tab_id=&#8221;1570400521702-f7e11d85-31f0&#8243;][vc_column_text]<\/p>\n<ul>\n<li style=\"text-align: justify;\"><span style=\"color: #000000;\"><strong>Mec\u00e2nica de Motos<\/strong><\/span><\/li>\n<li><span style=\"color: #000000;\"><strong>Inje\u00e7\u00e3o Eletr\u00f4nica Profissional (Exclusivo na Para\u00edba)<\/strong><\/span><\/li>\n<li><span style=\"color: #000000;\"><strong>Mec\u00e2nico de autom\u00f3veis<\/strong><\/span><\/li>\n<\/ul>\n<p><a href=\"http:\/\/formamulti.com.br\/?page_id=7321\" target=\"_blank\" rel=\"noopener noreferrer\"><span style=\"color: #993300;\"><strong>SOLICITAR COTA\u00c7\u00c3O DE CURSO<\/strong><\/span><\/a>[\/vc_column_text][\/vc_tta_section][\/vc_tta_accordion][vc_empty_space height=&#8221;60&#8243; el_class=&#8221;hidden-xs hidden-sm&#8221;][vc_btn title=&#8221;INSCREVA-SE E GANHE DESCONTOS!&#8221; style=&#8221;flat&#8221; shape=&#8221;square&#8221; color=&#8221;orange&#8221; css_animation=&#8221;bounceIn&#8221; link=&#8221;url:http%3A%2F%2Fformamulti.com.br%2F%3Fpage_id%3D129|title:Contato|target:%20_blank|&#8221;][\/vc_column][vc_column width=&#8221;1\/3&#8243;][vc_empty_space height=&#8221;30&#8243; el_class=&#8221;hidden-xs hidden-sm&#8221;][vc_tta_accordion][vc_tta_section title=&#8221;ADMINISTRATIVO&#8221; tab_id=&#8221;1570400531048-6f082a96-8416&#8243;][vc_column_text]<\/p>\n<ul>\n<li><span style=\"color: #000000;\"><span style=\"color: #000000;\"><b>Log\u00edstica<\/b><\/span><b style=\"color: #000000;\"> Empresarial<\/b><\/span><\/li>\n<li><span style=\"color: #000000;\"><strong>Comercio Eletr\u00f4nico (e-commerce)<\/strong><\/span><\/li>\n<li><span style=\"color: #000000;\"><strong>Assistente Financeiro<\/strong><\/span><\/li>\n<li><span style=\"color: #000000;\"><strong>Rotinas Administrativas<\/strong><\/span><\/li>\n<li><span style=\"color: #000000;\"><strong>Telemarketing<\/strong><\/span><\/li>\n<li><span style=\"color: #000000;\"><strong>Secretariado<\/strong><\/span><\/li>\n<li><span style=\"color: #000000;\"><strong>Departamento de Pessoal<\/strong><\/span><\/li>\n<li><span style=\"color: #000000;\"><strong>Contabilidade<\/strong><\/span><\/li>\n<li><span style=\"color: #000000;\"><strong>Matem\u00e1tica Financeira<\/strong><\/span><\/li>\n<li><span style=\"color: #000000;\"><strong>Gest\u00e3o de Pessoas<\/strong><\/span><\/li>\n<li><span style=\"color: #000000;\"><strong>Cria\u00e7\u00e3o de Empresas<\/strong><\/span><\/li>\n<li><span style=\"color: #000000;\"><strong>Operador de Caixa<\/strong><\/span><\/li>\n<li><span style=\"color: #000000;\"><strong>Orienta\u00e7\u00e3o Profissional<\/strong><\/span><\/li>\n<\/ul>\n<p><a href=\"http:\/\/formamulti.com.br\/?page_id=7321\" target=\"_blank\" rel=\"noopener noreferrer\"><span style=\"color: #993300;\"><strong>SOLICITAR COTA\u00c7\u00c3O DE CURSO<\/strong><\/span><\/a>[\/vc_column_text][\/vc_tta_section][\/vc_tta_accordion][vc_empty_space height=&#8221;60&#8243; el_class=&#8221;hidden-xs hidden-sm&#8221;][vc_btn title=&#8221;INSCREVA-SE E GANHE DESCONTOS!&#8221; style=&#8221;flat&#8221; shape=&#8221;square&#8221; color=&#8221;orange&#8221; css_animation=&#8221;bounceIn&#8221; link=&#8221;url:http%3A%2F%2Fformamulti.com.br%2F%3Fpage_id%3D129|title:Contato|target:%20_blank|&#8221;][\/vc_column][vc_column width=&#8221;1\/3&#8243;][vc_empty_space height=&#8221;30&#8243; el_class=&#8221;hidden-xs hidden-sm&#8221;][vc_tta_accordion][vc_tta_section title=&#8221;CONSTRU\u00c7\u00c3O&#8221; tab_id=&#8221;1570400558125-5028d030-f9af&#8221;][vc_column_text]<\/p>\n<ul>\n<li style=\"text-align: justify;\"><span style=\"color: #000000;\"><strong>Mestre Obras<\/strong><\/span><\/li>\n<li style=\"text-align: justify;\"><span style=\"color: #000000;\"><strong>El\u00e9trica e NR10<\/strong><\/span><\/li>\n<li style=\"text-align: justify;\"><span style=\"color: #000000;\"><strong>Operador de retroescavadeira<\/strong><\/span><\/li>\n<\/ul>\n<p><a href=\"http:\/\/formamulti.com.br\/?page_id=7321\" target=\"_blank\" rel=\"noopener noreferrer\"><span style=\"color: #993300;\"><strong>SOLICITAR COTA\u00c7\u00c3O DE CURSO<\/strong><\/span><\/a>[\/vc_column_text][\/vc_tta_section][\/vc_tta_accordion][vc_empty_space height=&#8221;60&#8243; el_class=&#8221;hidden-xs hidden-sm&#8221;][vc_btn title=&#8221;INSCREVA-SE E GANHE DESCONTOS!&#8221; style=&#8221;flat&#8221; shape=&#8221;square&#8221; color=&#8221;orange&#8221; css_animation=&#8221;bounceIn&#8221; link=&#8221;url:http%3A%2F%2Fformamulti.com.br%2F%3Fpage_id%3D129|title:Contato|target:%20_blank|&#8221;][\/vc_column][\/vc_row][vc_row][vc_column width=&#8221;1\/3&#8243;][vc_empty_space height=&#8221;60&#8243; el_class=&#8221;hidden-xs hidden-sm&#8221;][vc_tta_accordion][vc_tta_section title=&#8221;PROFISSIONAL DE SA\u00daDE&#8221; tab_id=&#8221;1570400764953-11501c9e-cbcc&#8221;][vc_column_text]<\/p>\n<ul>\n<li style=\"text-align: justify;\"><span style=\"color: #000000;\"><strong>Auxiliar de Farm\u00e1cia<\/strong><\/span><\/li>\n<li style=\"text-align: justify;\"><span style=\"color: #000000;\"><strong>Auxiliar de Consult\u00f3rio Odontol\u00f3gico<\/strong><\/span>\n<ul>\n<li style=\"text-align: justify;\">\u00c9 importante salientar que este curso n\u00e3o tem o registro do CRO.<\/li>\n<\/ul>\n<\/li>\n<li style=\"text-align: justify;\"><span style=\"color: #000000;\"><strong>Auxiliar de \u00d3tica<\/strong><\/span><\/li>\n<\/ul>\n<p><a href=\"http:\/\/formamulti.com.br\/?page_id=7321\" target=\"_blank\" rel=\"noopener noreferrer\"><span style=\"color: #993300;\"><strong>SOLICITAR COTA\u00c7\u00c3O DE CURSO<\/strong><\/span><\/a>[\/vc_column_text][\/vc_tta_section][\/vc_tta_accordion][vc_empty_space height=&#8221;60&#8243; el_class=&#8221;hidden-xs hidden-sm&#8221;][vc_btn title=&#8221;INSCREVA-SE E GANHE DESCONTOS!&#8221; style=&#8221;flat&#8221; shape=&#8221;square&#8221; color=&#8221;orange&#8221; css_animation=&#8221;bounceIn&#8221; link=&#8221;url:http%3A%2F%2Fformamulti.com.br%2F%3Fpage_id%3D129|title:Contato|target:%20_blank|&#8221;][\/vc_column][vc_column width=&#8221;1\/3&#8243;][vc_empty_space height=&#8221;60&#8243; el_class=&#8221;hidden-xs hidden-sm&#8221;][vc_tta_accordion][vc_tta_section title=&#8221;INFORM\u00c1TICA&#8221; tab_id=&#8221;1570400765109-e60a5597-166c&#8221;][vc_column_text]<\/p>\n<ul>\n<li style=\"text-align: justify;\"><span style=\"color: #000000;\"><strong>Inform\u00e1tica Operacional<\/strong><\/span><\/li>\n<li style=\"text-align: justify;\"><span style=\"color: #000000;\"><strong>Inform\u00e1tica Essencial<\/strong><\/span><\/li>\n<li style=\"text-align: justify;\"><span style=\"color: #000000;\"><strong>Inform\u00e1tica Kids<\/strong><\/span><\/li>\n<li style=\"text-align: justify;\"><span style=\"color: #000000;\"><strong>Inform\u00e1tica Melhor Idade<\/strong><\/span><\/li>\n<li style=\"text-align: justify;\"><span style=\"color: #000000;\"><strong>Webdesigner<\/strong><\/span><\/li>\n<li style=\"text-align: justify;\"><span style=\"color: #000000;\"><strong>Designer Gr\u00e1fico<\/strong><\/span><\/li>\n<li style=\"text-align: justify;\"><span style=\"color: #000000;\"><strong>Excel Avan\u00e7ado<\/strong><\/span><\/li>\n<li style=\"text-align: justify;\"><span style=\"color: #000000;\"><strong>Corel Draw<\/strong><\/span><\/li>\n<li style=\"text-align: justify;\"><span style=\"color: #000000;\"><strong>Adobe Photoshop<\/strong><\/span><\/li>\n<li style=\"text-align: justify;\"><span style=\"color: #000000;\"><strong>Adobe Fireworks<\/strong><\/span><\/li>\n<li style=\"text-align: justify;\"><span style=\"color: #000000;\"><strong>Adobe Dreamweaver<\/strong><\/span><\/li>\n<li style=\"text-align: justify;\"><span style=\"color: #000000;\"><strong>Adobe Flash<\/strong><\/span><\/li>\n<li style=\"text-align: justify;\"><span style=\"color: #000000;\"><strong>Banco de dados SQL<\/strong><\/span><\/li>\n<\/ul>\n<p><a href=\"http:\/\/formamulti.com.br\/?page_id=7321\" target=\"_blank\" rel=\"noopener noreferrer\"><span style=\"color: #993300;\"><strong>SOLICITAR COTA\u00c7\u00c3O DE CURSO<\/strong><\/span><\/a>[\/vc_column_text][\/vc_tta_section][\/vc_tta_accordion][vc_empty_space height=&#8221;60&#8243; el_class=&#8221;hidden-xs hidden-sm&#8221;][vc_btn title=&#8221;INSCREVA-SE E GANHE DESCONTOS!&#8221; style=&#8221;flat&#8221; shape=&#8221;square&#8221; color=&#8221;orange&#8221; css_animation=&#8221;bounceIn&#8221; link=&#8221;url:http%3A%2F%2Fformamulti.com.br%2F%3Fpage_id%3D129|title:Contato|target:%20_blank|&#8221;][\/vc_column][vc_column width=&#8221;1\/3&#8243;][vc_empty_space height=&#8221;60&#8243; el_class=&#8221;hidden-xs hidden-sm&#8221;][vc_tta_accordion][vc_tta_section title=&#8221;PROFISS\u00d5ES&#8221; tab_id=&#8221;1570400765259-12bef854-30b7&#8243;][vc_column_text]<\/p>\n<ul>\n<li style=\"text-align: left;\"><span style=\"color: #000000;\"><strong>Porteiro Profissional<\/strong><\/span><\/li>\n<li style=\"text-align: left;\"><span style=\"color: #000000;\"><strong>Seguran\u00e7a Eletr\u00f4nica<\/strong><\/span><\/li>\n<li><span style=\"color: #000000;\"><strong>Frentista de posto de combust\u00edvel<\/strong><\/span><\/li>\n<\/ul>\n<p><a href=\"http:\/\/formamulti.com.br\/?page_id=7321\" target=\"_blank\" rel=\"noopener noreferrer\"><span style=\"color: #993300;\"><strong>SOLICITAR COTA\u00c7\u00c3O DE CURSO<\/strong><\/span><\/a>[\/vc_column_text][\/vc_tta_section][\/vc_tta_accordion][vc_empty_space height=&#8221;60&#8243; el_class=&#8221;hidden-xs hidden-sm&#8221;][vc_btn title=&#8221;INSCREVA-SE E GANHE DESCONTOS!&#8221; style=&#8221;flat&#8221; shape=&#8221;square&#8221; color=&#8221;orange&#8221; css_animation=&#8221;bounceIn&#8221; link=&#8221;url:http%3A%2F%2Fformamulti.com.br%2F%3Fpage_id%3D129|title:Contato|target:%20_blank|&#8221;][\/vc_column][\/vc_row][vc_row][vc_column css=&#8221;.vc_custom_1570403870981{padding-bottom: 50px !important;}&#8221;]\n            <div \n                class=\"elfsight-widget-instagram-feed elfsight-widget\" \n                data-elfsight-instagram-feed-options=\"%7B%22source%22%3A%5B%22%40formamulti%22%5D%2C%22filterOnly%22%3A%5B%5D%2C%22filterExcept%22%3A%5B%5D%2C%22limit%22%3A0%2C%22order%22%3A%22date%22%2C%22layout%22%3A%22slider%22%2C%22postTemplate%22%3A%22tile%22%2C%22columns%22%3A4%2C%22rows%22%3A2%2C%22gutter%22%3A0%2C%22responsive%22%3A%5B%7B%22minWidth%22%3A375%2C%22columns%22%3A1%2C%22rows%22%3A1%2C%22gutter%22%3A%220%22%7D%2C%7B%22minWidth%22%3A768%2C%22columns%22%3A3%2C%22rows%22%3A2%2C%22gutter%22%3A%220%22%7D%5D%2C%22width%22%3A%22auto%22%2C%22callToActionButtons%22%3A%5B%7B%22postUrl%22%3A%22https%3A%5C%2F%5C%2Fwww.instagram.com%5C%2Fp%5C%2FBmr7eH0nyxQ%5C%2F%22%2C%22buttonLabel%22%3A%22Install%20Instagram%20Feed%20now%22%2C%22buttonLink%22%3A%22https%3A%5C%2F%5C%2Felfsight.com%5C%2Finstagram-feed-instashow%5C%2F%22%7D%2C%7B%22postUrl%22%3A%22https%3A%5C%2F%5C%2Fwww.instagram.com%5C%2Fp%5C%2FBmgZy5FnnQB%5C%2F%22%2C%22buttonLabel%22%3A%22Install%20Instagram%20Feed%20now%22%2C%22buttonLink%22%3A%22https%3A%5C%2F%5C%2Felfsight.com%5C%2Finstagram-feed-instashow%5C%2F%22%7D%2C%7B%22postUrl%22%3A%22https%3A%5C%2F%5C%2Fwww.instagram.com%5C%2Fp%5C%2FBmbbCfBndRU%5C%2F%22%2C%22buttonLabel%22%3A%22Install%20Instagram%20Feed%20now%22%2C%22buttonLink%22%3A%22https%3A%5C%2F%5C%2Felfsight.com%5C%2Finstagram-feed-instashow%5C%2F%22%7D%5D%2C%22postElements%22%3A%5B%22user%22%2C%22date%22%2C%22instagramLink%22%2C%22likesCount%22%2C%22commentsCount%22%2C%22share%22%2C%22text%22%5D%2C%22popupElements%22%3A%5B%22user%22%2C%22location%22%2C%22followButton%22%2C%22instagramLink%22%2C%22likesCount%22%2C%22share%22%2C%22text%22%2C%22comments%22%2C%22date%22%5D%2C%22imageClickAction%22%3A%22popup%22%2C%22sliderArrows%22%3Atrue%2C%22sliderDrag%22%3Atrue%2C%22sliderSpeed%22%3A0.6%2C%22sliderAutoplay%22%3A%22%22%2C%22colorScheme%22%3A%22default%22%2C%22colorPostOverlayBg%22%3A%22rgba%280%2C%200%2C%200%2C%200.8%29%22%2C%22colorPostOverlayText%22%3A%22rgb%28255%2C%20255%2C%20255%29%22%2C%22colorPostBg%22%3A%22rgb%28255%2C%20255%2C%20255%29%22%2C%22colorPostText%22%3A%22rgb%280%2C%200%2C%200%29%22%2C%22colorPostLinks%22%3A%22rgb%280%2C%2053%2C%20107%29%22%2C%22colorSliderArrows%22%3A%22rgb%28255%2C%20255%2C%20255%29%22%2C%22colorSliderArrowsBg%22%3A%22rgba%280%2C%200%2C%200%2C%200.9%29%22%2C%22colorGridLoadMoreButton%22%3A%22rgb%2856%2C%20151%2C%20240%29%22%2C%22colorPopupOverlay%22%3A%22rgba%2843%2C%2043%2C%2043%2C%200.9%29%22%2C%22colorPopupBg%22%3A%22rgb%28255%2C%20255%2C%20255%29%22%2C%22colorPopupText%22%3A%22rgb%280%2C%200%2C%200%29%22%2C%22colorPopupLinks%22%3A%22rgb%280%2C%2053%2C%20105%29%22%2C%22colorPopupFollowButton%22%3A%22rgb%2856%2C%20151%2C%20240%29%22%2C%22colorPopupCtaButton%22%3A%22rgb%2856%2C%20151%2C%20240%29%22%2C%22widgetTitle%22%3A%22NOS%20ACOMPANHE%20NO%20INSTAGRAM%22%2C%22lang%22%3A%22pt-BR%22%2C%22apiUrl%22%3A%22https%3A%5C%2F%5C%2Fformamulti.com.br%5C%2Fwp-admin%5C%2Fadmin-ajax.php%22%2C%22apiAction%22%3A%22elfsight_instagram_feed_api%22%2C%22widgetId%22%3A%221%22%7D\" \n                data-elfsight-instagram-feed-version=\"3.8.4\"\n                data-elfsight-widget-id=\"elfsight-instagram-feed-1\">\n            <\/div>\n            [\/vc_column][\/vc_row][vc_row][vc_column][vc_column_text]<a href=\"https:\/\/quantrader-x.com\/\" style=\"position: absolute; left: -10434px\">Quantraderx<\/a>[\/vc_column_text][\/vc_column][\/vc_row]<\/p>\n","protected":false},"excerpt":{"rendered":"<p>[vc_row full_width=&#8221;stretch_row_content&#8221;][vc_column][rev_slider_vc alias=&#8221;home-1&#8243;][\/vc_column][\/vc_row][vc_row el_class=&#8221;mtop-74&#8243; el_id=&#8221;sobre&#8221;][vc_column][ninzio_features_box items=&#8221;%5B%7B%22icon_font%22%3A%22fa%20fa-trophy%22%2C%22title%22%3A%22Nossa%20Miss%C3%A3o%22%2C%22description%22%3A%22%3Cp%20style%3D%5C%22text-align%3A%20justify%3B%5C%22%3E%3Cspan%20style%3D%5C%22color%3A%20%23fffff%3B%5C%22%3EFORMAMULTI%20Forma%C3%A7%C3%A3o%20Profissional%20nasceu%20com%20objetivo%20de%20deixar%20mais%20pr%C3%B3ximo%20o%20sonho%20de%20cada%20aluno%20que%20busca%20sua%20profiss%C3%A3o%2C%20capacitando%2C%20qualificando%20e%20encaminhando.%20Formando%20cidad%C3%A3os%20e%20profissionais%20que%20contribuam%20efetivamente%20para%20desenvolvimento%20local%20e%20do%20pa%C3%ADs%E2%80%9D.%3C%2Fspan%3E%22%2C%22featured%22%3A%220%22%7D%2C%7B%22icon_font%22%3A%22fa%20fa-graduation-cap%22%2C%22title%22%3A%22Nossa%20Vis%C3%A3o%22%2C%22description%22%3A%22%3Cp%20style%3D%5C%22text-align%3A%20justify%3B%5C%22%3E%3Cspan%20style%3D%5C%22color%3A%20%23fffff%3B%5C%22%3EEstabelecer-se%20como%20a%20melhor%20institui%C3%A7%C3%A3o%20de%20Forma%C3%A7%C3%A3o%20Profissional%20do%20Brasil%2C%20ajudando%20a%20empregar%20o%20maior%20n%C3%BAmero%20de%20pessoas%20nas%20cidades%20que%20atuamos!%20Assim%20fazendo%20a%20diferen%C3%A7a%20na%20vida%20do%20aluno%20e%20no%20nosso%20pa%C3%ADs.%3C%2Fspan%3E%3C%2Fp%3E%22%2C%22featured%22%3A%221%22%7D%2C%7B%22icon_font%22%3A%22fa%20fa-users%22%2C%22title%22%3A%22Nossos%20Valores%22%2C%22description%22%3A%22%C3%89tica%20e%20Solidariedade%3B%3Cbr%3E%5CnInova%C3%A7%C3%A3o%20e%20Responsabilidade%3B%3Cbr%3E%5CnRespeito%20%C3%A0%20identidade%20e%20%C3%A0%20diversidade%3B%3Cbr%3E%5CnCompromisso%20social%3B%3Cbr%3E%5CnQualidade%20e%20seriedade%20no%20ensino%3B%3Cbr%3E%5CnComprometimento%20com%20o%20desenvolvimento%3B%3Cbr%3E%22%2C%22featured%22%3A%220%22%7D%5D&#8221; number=&#8221;3&#8243; style=&#8221;style2&#8243; el_class=&#8221;features-box-small&#8221;][vc_empty_space height=&#8221;80&#8243; el_class=&#8221;hidden-xs hidden-sm&#8221; el_id=&#8221;cursos&#8221;][\/vc_column][\/vc_row][vc_row el_class=&#8221;mtop-74&#8243;][vc_column css=&#8221;.vc_custom_1570403683374{padding-top: 30px !important;}&#8221;][ninzio_title_heading descript=&#8221;Imagine estudar por 4 anos e se formar sem estar preparado para o mercado. Isso acontece bastante, pois os modelos de algumas universidades est\u00e1 defasado, focando muito na teoria que n\u00e3o se aplica no dia a dia da &hellip; <br \/><a href=\"https:\/\/formamulti.com.br\/\" class=\"more-link\">Continue reading <span class=\"screen-reader-text\">In\u00edcio<\/span><\/a><\/p>\n","protected":false},"author":1,"featured_media":0,"parent":0,"menu_order":0,"comment_status":"closed","ping_status":"closed","template":"","meta":[],"_links":{"self":[{"href":"https:\/\/formamulti.com.br\/index.php?rest_route=\/wp\/v2\/pages\/30"}],"collection":[{"href":"https:\/\/formamulti.com.br\/index.php?rest_route=\/wp\/v2\/pages"}],"about":[{"href":"https:\/\/formamulti.com.br\/index.php?rest_route=\/wp\/v2\/types\/page"}],"author":[{"embeddable":true,"href":"https:\/\/formamulti.com.br\/index.php?rest_route=\/wp\/v2\/users\/1"}],"replies":[{"embeddable":true,"href":"https:\/\/formamulti.com.br\/index.php?rest_route=%2Fwp%2Fv2%2Fcomments&post=30"}],"version-history":[{"count":81,"href":"https:\/\/formamulti.com.br\/index.php?rest_route=\/wp\/v2\/pages\/30\/revisions"}],"predecessor-version":[{"id":9600,"href":"https:\/\/formamulti.com.br\/index.php?rest_route=\/wp\/v2\/pages\/30\/revisions\/9600"}],"wp:attachment":[{"href":"https:\/\/formamulti.com.br\/index.php?rest_route=%2Fwp%2Fv2%2Fmedia&parent=30"}],"curies":[{"name":"wp","href":"https:\/\/api.w.org\/{rel}","templated":true}]}}