{"id":7321,"date":"2020-02-10T21:40:21","date_gmt":"2020-02-11T00:40:21","guid":{"rendered":"http:\/\/formamulti.com.br\/?page_id=7321"},"modified":"2020-02-10T21:40:21","modified_gmt":"2020-02-11T00:40:21","slug":"cotacao","status":"publish","type":"page","link":"https:\/\/formamulti.com.br\/?page_id=7321","title":{"rendered":"Cota\u00e7\u00e3o"},"content":{"rendered":"<p>[vc_row][vc_column][vc_empty_space height=&#8221;25&#8243;][vc_empty_space height=&#8221;25&#8243; el_class=&#8221;hidden-xs hidden-sm hidden-md&#8221;][vc_gmaps link=&#8221;#E-8_JTNDaWZyYW1lJTIwc3JjJTNEJTIyaHR0cHMlM0ElMkYlMkZ3d3cuZ29vZ2xlLmNvbSUyRm1hcHMlMkZlbWJlZCUzRnBiJTNEJTIxMW0xNCUyMTFtOCUyMTFtMyUyMTFkMTU4MzYuMTU3NDEyOTA2NTIzJTIxMmQtMzQuODc3ODk3JTIxM2QtNy4xMjE0Mzc3JTIxM20yJTIxMWkxMDI0JTIxMmk3NjglMjE0ZjEzLjElMjEzbTMlMjExbTIlMjExczB4MCUyNTNBMHhlZTVhYWFlZTA4MDg2NjhkJTIxMnNHcnVwbyUyNTIwU3VwZXJhJTIxNWUwJTIxM20yJTIxMXNwdC1CUiUyMTJzYnIlMjE0djE1NzQ2NDMxMTM3MDQlMjE1bTIlMjExc3B0LUJSJTIxMnNiciUyMiUyMHdpZHRoJTNEJTIyMTUwMCUyMiUyMGhlaWdodCUzRCUyMjQ1MCUyMiUyMGZyYW1lYm9yZGVyJTNEJTIyMCUyMiUyMHN0eWxlJTNEJTIyYm9yZGVyJTNBMCUzQiUyMiUyMGFsbG93ZnVsbHNjcmVlbiUzRCUyMiUyMiUzRSUzQyUyRmlmcmFtZSUzRQ==&#8221; size=&#8221;330px&#8221;][vc_empty_space height=&#8221;42&#8243;][vc_empty_space height=&#8221;42&#8243; el_class=&#8221;hidden-xs hidden-sm hidden-md&#8221;][\/vc_column][\/vc_row][vc_row][vc_column width=&#8221;3\/4&#8243;][ninzio_title_heading descript=&#8221;Nossa equipe responder\u00e1 em breve.&#8221; style=&#8221;style2&#8243; title=&#8221;PREENCHA AS INFORMA\u00c7\u00d5ES CORRETAMENTE&#8221;][dhvc_form id=&#8221;7319&#8243;][vc_empty_space height=&#8221;40&#8243;][vc_empty_space height=&#8221;40&#8243; el_class=&#8221;hidden-xs hidden-sm hidden-md&#8221;][\/vc_column][vc_column width=&#8221;1\/4&#8243;][ninzio_contact_info items=&#8221;%5B%7B%22title%22%3A%22Contato%22%2C%22description%22%3A%22%3Cul%20class%3D%5C%22list-unstyled%5C%22%3E%5Cn%5Ct%3Cli%3ETelefone%3A%20(83)%203578%204199%3C%2Fli%3E%5Cn%5Ct%3Cli%3EWhatsApp%3A%20(83)%2098712%200771%3C%2Fli%3E%5Ct%5Cn%3C%2Ful%3E%22%2C%22image%22%3A%22725%22%7D%2C%7B%22title%22%3A%22Endere%C3%A7o%22%2C%22description%22%3A%22%3Cul%20class%3D%5C%22list-unstyled%5C%22%3E%5Cn%5Ct%3Cli%3EAv.%20Camilo%20de%20Holanda%2C%2052%3C%2Fli%3E%5Cn%5Ct%3Cli%3ECentro%2C%20Jo%C3%A3o%20Pessoa%2FPB%3C%2Fli%3E%5Cn%3C%2Ful%3E%22%2C%22image%22%3A%22723%22%7D%2C%7B%22title%22%3A%22Email%22%2C%22description%22%3A%22%3Cul%20class%3D%5C%22list-unstyled%5C%22%3E%5Cn%5Ct%3Cli%3EGeral%3A%20contato%40formamulti.com.br%3C%2Fli%3E%5Cn%3C%2Ful%3E%22%2C%22image%22%3A%22725%22%7D%5D&#8221;][\/vc_column][\/vc_row]<\/p>\n","protected":false},"excerpt":{"rendered":"<p>[vc_row][vc_column][vc_empty_space height=&#8221;25&#8243;][vc_empty_space height=&#8221;25&#8243; el_class=&#8221;hidden-xs hidden-sm hidden-md&#8221;][vc_gmaps link=&#8221;#E-8_JTNDaWZyYW1lJTIwc3JjJTNEJTIyaHR0cHMlM0ElMkYlMkZ3d3cuZ29vZ2xlLmNvbSUyRm1hcHMlMkZlbWJlZCUzRnBiJTNEJTIxMW0xNCUyMTFtOCUyMTFtMyUyMTFkMTU4MzYuMTU3NDEyOTA2NTIzJTIxMmQtMzQuODc3ODk3JTIxM2QtNy4xMjE0Mzc3JTIxM20yJTIxMWkxMDI0JTIxMmk3NjglMjE0ZjEzLjElMjEzbTMlMjExbTIlMjExczB4MCUyNTNBMHhlZTVhYWFlZTA4MDg2NjhkJTIxMnNHcnVwbyUyNTIwU3VwZXJhJTIxNWUwJTIxM20yJTIxMXNwdC1CUiUyMTJzYnIlMjE0djE1NzQ2NDMxMTM3MDQlMjE1bTIlMjExc3B0LUJSJTIxMnNiciUyMiUyMHdpZHRoJTNEJTIyMTUwMCUyMiUyMGhlaWdodCUzRCUyMjQ1MCUyMiUyMGZyYW1lYm9yZGVyJTNEJTIyMCUyMiUyMHN0eWxlJTNEJTIyYm9yZGVyJTNBMCUzQiUyMiUyMGFsbG93ZnVsbHNjcmVlbiUzRCUyMiUyMiUzRSUzQyUyRmlmcmFtZSUzRQ==&#8221; size=&#8221;330px&#8221;][vc_empty_space height=&#8221;42&#8243;][vc_empty_space height=&#8221;42&#8243; el_class=&#8221;hidden-xs hidden-sm hidden-md&#8221;][\/vc_column][\/vc_row][vc_row][vc_column width=&#8221;3\/4&#8243;][ninzio_title_heading descript=&#8221;Nossa equipe responder\u00e1 em breve.&#8221; style=&#8221;style2&#8243; title=&#8221;PREENCHA AS INFORMA\u00c7\u00d5ES CORRETAMENTE&#8221;][dhvc_form id=&#8221;7319&#8243;][vc_empty_space height=&#8221;40&#8243;][vc_empty_space height=&#8221;40&#8243; el_class=&#8221;hidden-xs hidden-sm hidden-md&#8221;][\/vc_column][vc_column width=&#8221;1\/4&#8243;][ninzio_contact_info items=&#8221;%5B%7B%22title%22%3A%22Contato%22%2C%22description%22%3A%22%3Cul%20class%3D%5C%22list-unstyled%5C%22%3E%5Cn%5Ct%3Cli%3ETelefone%3A%20(83)%203578%204199%3C%2Fli%3E%5Cn%5Ct%3Cli%3EWhatsApp%3A%20(83)%2098712%200771%3C%2Fli%3E%5Ct%5Cn%3C%2Ful%3E%22%2C%22image%22%3A%22725%22%7D%2C%7B%22title%22%3A%22Endere%C3%A7o%22%2C%22description%22%3A%22%3Cul%20class%3D%5C%22list-unstyled%5C%22%3E%5Cn%5Ct%3Cli%3EAv.%20Camilo%20de%20Holanda%2C%2052%3C%2Fli%3E%5Cn%5Ct%3Cli%3ECentro%2C%20Jo%C3%A3o%20Pessoa%2FPB%3C%2Fli%3E%5Cn%3C%2Ful%3E%22%2C%22image%22%3A%22723%22%7D%2C%7B%22title%22%3A%22Email%22%2C%22description%22%3A%22%3Cul%20class%3D%5C%22list-unstyled%5C%22%3E%5Cn%5Ct%3Cli%3EGeral%3A%20contato%40formamulti.com.br%3C%2Fli%3E%5Cn%3C%2Ful%3E%22%2C%22image%22%3A%22725%22%7D%5D&#8221;][\/vc_column][\/vc_row]<\/p>\n","protected":false},"author":1,"featured_media":0,"parent":0,"menu_order":0,"comment_status":"closed","ping_status":"closed","template":"","meta":[],"_links":{"self":[{"href":"https:\/\/formamulti.com.br\/index.php?rest_route=\/wp\/v2\/pages\/7321"}],"collection":[{"href":"https:\/\/formamulti.com.br\/index.php?rest_route=\/wp\/v2\/pages"}],"about":[{"href":"https:\/\/formamulti.com.br\/index.php?rest_route=\/wp\/v2\/types\/page"}],"author":[{"embeddable":true,"href":"https:\/\/formamulti.com.br\/index.php?rest_route=\/wp\/v2\/users\/1"}],"replies":[{"embeddable":true,"href":"https:\/\/formamulti.com.br\/index.php?rest_route=%2Fwp%2Fv2%2Fcomments&post=7321"}],"version-history":[{"count":1,"href":"https:\/\/formamulti.com.br\/index.php?rest_route=\/wp\/v2\/pages\/7321\/revisions"}],"predecessor-version":[{"id":7322,"href":"https:\/\/formamulti.com.br\/index.php?rest_route=\/wp\/v2\/pages\/7321\/revisions\/7322"}],"wp:attachment":[{"href":"https:\/\/formamulti.com.br\/index.php?rest_route=%2Fwp%2Fv2%2Fmedia&parent=7321"}],"curies":[{"name":"wp","href":"https:\/\/api.w.org\/{rel}","templated":true}]}}